{"id":93,"date":"2016-08-02T15:37:39","date_gmt":"2016-08-02T13:37:39","guid":{"rendered":"https:\/\/lundqvist-it.se\/?page_id=93"},"modified":"2024-12-05T13:09:11","modified_gmt":"2024-12-05T12:09:11","slug":"om-oss","status":"publish","type":"page","link":"https:\/\/lundqvist-it.se\/?page_id=93","title":{"rendered":"Om mig"},"content":{"rendered":"\n<h1 class=\"wp-block-heading\">Niklas Lundqvist<\/h1>\n\n\n\n<p>Det \u00e4r jag som \u00e4r Lundqvist IT, och jag ser fram emot att hj\u00e4lpa dig med dina teknikproblem.<br>Jag har drivit Lundqvist IT sedan 2016, f\u00f6rst som extrajobb vid sidan av annat arbete, men sedan 2023 som min huvudsakliga syssels\u00e4ttning. Mitt m\u00e5l \u00e4r att erbjuda personlig, p\u00e5litlig och professionell IT-support f\u00f6r b\u00e5de privatpersoner och f\u00f6retag.<\/p>\n\n\n\n<p>Jag bor i ett kedjehus p\u00e5 Sadelmakarv\u00e4gen 25 i Brottsta tillsammans med min sambo och v\u00e5ra tv\u00e5 barn. N\u00e4r jag inte l\u00f6ser IT-problem tycker jag om att spendera tid med familjen, l\u00e4ra mig om ny teknik och engagera mig i lokalsamh\u00e4llet. En stor del av min tid \u00e4gnas ocks\u00e5 \u00e5t att utveckla <a href=\"http:\/\/eskilstuna-makerspace.se\" data-type=\"link\" data-id=\"eskilstuna-makerspace.se\">Eskilstuna Makerspace,<\/a> en kreativ m\u00f6tesplats d\u00e4r m\u00e4nniskor kan utforska teknik, hantverk och innovation tillsammans.<\/p>\n\n\n\n<p>Som en cyklande teknikhj\u00e4lp ser jag m\u00e5nga f\u00f6rdelar med att anv\u00e4nda cykeln b\u00e5de f\u00f6r arbete och vardags\u00e4renden. Cykling \u00e4r inte bara ett h\u00e5llbart och snabbt s\u00e4tt att ta sig fram, utan det bidrar ocks\u00e5 till ett h\u00e4lsosammare och mer levande Eskilstuna. Jag hoppas kunna inspirera fler att v\u00e4lja cykeln \u2013 b\u00e5de som transportmedel och livsstil.<\/p>\n\n\n\n<p>Har du ett teknikproblem eller en id\u00e9 du vill f\u00f6rverkliga? Tveka inte att h\u00f6ra av dig \u2013 jag \u00e4r h\u00e4r f\u00f6r att hj\u00e4lpa!<\/p>\n","protected":false},"excerpt":{"rendered":"<p>Niklas Lundqvist Det \u00e4r jag som \u00e4r Lundqvist IT, och jag ser fram emot att hj\u00e4lpa dig med dina teknikproblem.Jag har drivit Lundqvist IT sedan 2016, f\u00f6rst som extrajobb vid sidan av annat arbete, men sedan 2023 som min huvudsakliga syssels\u00e4ttning. Mitt m\u00e5l \u00e4r att erbjuda personlig, p\u00e5litlig och professionell IT-support f\u00f6r b\u00e5de privatpersoner och [&hellip;]<\/p>\n","protected":false},"author":1,"featured_media":0,"parent":0,"menu_order":0,"comment_status":"closed","ping_status":"closed","template":"","meta":{"footnotes":""},"class_list":["post-93","page","type-page","status-publish","hentry"],"_links":{"self":[{"href":"https:\/\/lundqvist-it.se\/index.php?rest_route=\/wp\/v2\/pages\/93","targetHints":{"allow":["GET"]}}],"collection":[{"href":"https:\/\/lundqvist-it.se\/index.php?rest_route=\/wp\/v2\/pages"}],"about":[{"href":"https:\/\/lundqvist-it.se\/index.php?rest_route=\/wp\/v2\/types\/page"}],"author":[{"embeddable":true,"href":"https:\/\/lundqvist-it.se\/index.php?rest_route=\/wp\/v2\/users\/1"}],"replies":[{"embeddable":true,"href":"https:\/\/lundqvist-it.se\/index.php?rest_route=%2Fwp%2Fv2%2Fcomments&post=93"}],"version-history":[{"count":3,"href":"https:\/\/lundqvist-it.se\/index.php?rest_route=\/wp\/v2\/pages\/93\/revisions"}],"predecessor-version":[{"id":492,"href":"https:\/\/lundqvist-it.se\/index.php?rest_route=\/wp\/v2\/pages\/93\/revisions\/492"}],"wp:attachment":[{"href":"https:\/\/lundqvist-it.se\/index.php?rest_route=%2Fwp%2Fv2%2Fmedia&parent=93"}],"curies":[{"name":"wp","href":"https:\/\/api.w.org\/{rel}","templated":true}]}}