{"id":242,"date":"2018-09-25T15:20:10","date_gmt":"2018-09-25T13:20:10","guid":{"rendered":"https:\/\/lundqvist-it.se\/?page_id=242"},"modified":"2023-05-02T14:59:01","modified_gmt":"2023-05-02T12:59:01","slug":"cyklande-it-konsult%e2%80%bd","status":"publish","type":"page","link":"https:\/\/lundqvist-it.se\/?page_id=242","title":{"rendered":"Cyklande IT-Konsult\u203d"},"content":{"rendered":"\n<h2 class=\"wp-block-heading\">IT-Konsult p\u00e5 cykel.<\/h2>\n\n\n\n<p>I str\u00e4van mot att vara ett f\u00f6retag med minusutsl\u00e4pp s\u00e5 \u00e4r det mest ekonomiska och klimatsmarta f\u00f6r mig att sl\u00e4ppa ut s\u00e5 lite som m\u00f6jlig n\u00e4r jag tar mig till kunder. L\u00f6sningen f\u00f6r mig heter cykel.<\/p>\n\n\n\n<p>Jag har cyklat \u00e5ret runt i m\u00e5nga \u00e5r. Med bra kl\u00e4der och dubbd\u00e4ck vintertid s\u00e5 har jag inga problem att ta mig fram, tv\u00e4rtom s\u00e5 kommer jag fram snabbare och smidigare p\u00e5 cykel! N\u00e4r jag beh\u00f6ver ha med mig mer saker \u00e4n vad som f\u00e5r plats i en ryggs\u00e4ck s\u00e5 kopplar jag p\u00e5 cykelk\u00e4rran.<\/p>\n\n\n\n<h2 class=\"wp-block-heading\">Duschid\u00e9er p\u00e5 cykeln.<\/h2>\n\n\n\n<p>B\u00e4sta id\u00e9erna f\u00e5r man som bekant i duschen, men jag tycker att cykelsadeln \u00e4r ett utm\u00e4rkt substitut och jag ser tydligt att probleml\u00f6sning blir l\u00e4ttare n\u00e4r man r\u00f6rt p\u00e5 sig.&nbsp;<\/p>\n\n\n\n<h2 class=\"wp-block-heading\">Billigare f\u00f6r dig.<\/h2>\n\n\n\n<p>Med cyklande IT-hj\u00e4lp s\u00e5 slipper jag l\u00e4gga kostnader f\u00f6r drivmedel och andra bilkostnader p\u00e5 dig som kund.&nbsp;<\/p>\n","protected":false},"excerpt":{"rendered":"<p>IT-Konsult p\u00e5 cykel. I str\u00e4van mot att vara ett f\u00f6retag med minusutsl\u00e4pp s\u00e5 \u00e4r det mest ekonomiska och klimatsmarta f\u00f6r mig att sl\u00e4ppa ut s\u00e5 lite som m\u00f6jlig n\u00e4r jag tar mig till kunder. L\u00f6sningen f\u00f6r mig heter cykel. Jag har cyklat \u00e5ret runt i m\u00e5nga \u00e5r. Med bra kl\u00e4der och dubbd\u00e4ck vintertid s\u00e5 har [&hellip;]<\/p>\n","protected":false},"author":1,"featured_media":0,"parent":0,"menu_order":0,"comment_status":"closed","ping_status":"closed","template":"","meta":{"footnotes":""},"class_list":["post-242","page","type-page","status-publish","hentry"],"_links":{"self":[{"href":"https:\/\/lundqvist-it.se\/index.php?rest_route=\/wp\/v2\/pages\/242","targetHints":{"allow":["GET"]}}],"collection":[{"href":"https:\/\/lundqvist-it.se\/index.php?rest_route=\/wp\/v2\/pages"}],"about":[{"href":"https:\/\/lundqvist-it.se\/index.php?rest_route=\/wp\/v2\/types\/page"}],"author":[{"embeddable":true,"href":"https:\/\/lundqvist-it.se\/index.php?rest_route=\/wp\/v2\/users\/1"}],"replies":[{"embeddable":true,"href":"https:\/\/lundqvist-it.se\/index.php?rest_route=%2Fwp%2Fv2%2Fcomments&post=242"}],"version-history":[{"count":1,"href":"https:\/\/lundqvist-it.se\/index.php?rest_route=\/wp\/v2\/pages\/242\/revisions"}],"predecessor-version":[{"id":374,"href":"https:\/\/lundqvist-it.se\/index.php?rest_route=\/wp\/v2\/pages\/242\/revisions\/374"}],"wp:attachment":[{"href":"https:\/\/lundqvist-it.se\/index.php?rest_route=%2Fwp%2Fv2%2Fmedia&parent=242"}],"curies":[{"name":"wp","href":"https:\/\/api.w.org\/{rel}","templated":true}]}}