{"id":11,"date":"2016-07-15T21:50:27","date_gmt":"2016-07-15T19:50:27","guid":{"rendered":"https:\/\/lundqvist-it.se\/?page_id=11"},"modified":"2023-05-02T15:05:05","modified_gmt":"2023-05-02T13:05:05","slug":"bokning-privat","status":"publish","type":"page","link":"https:\/\/lundqvist-it.se\/?page_id=11","title":{"rendered":"Boka hembes\u00f6k"},"content":{"rendered":"\n<h2 class=\"wp-block-heading\">Bokning<\/h2>\n\n\n\n<p>Boka genom att ringa&nbsp;<a href=\"tel:0708634338\"><strong>0708 63 43 38<\/strong><\/a><\/p>\n\n\n\n<p>Fels\u00f6kning g\u00f6rs f\u00f6r att ta reda p\u00e5 vad som beh\u00f6ver g\u00f6ras f\u00f6r att \u00e5tg\u00e4rda ett problem. Ibland blir felet \u00e5tg\u00e4rdat i samband med fels\u00f6kning och inga ytterligare kostnader tillkommer.<\/p>\n\n\n\n<p>F\u00f6r&nbsp;fel som kr\u00e4ver mer arbete ges en offert eller \u00e5tg\u00e4rdsf\u00f6rslag.<\/p>\n\n\n\n<h4 class=\"wp-block-heading\">V\u00e4lkommen!<\/h4>\n","protected":false},"excerpt":{"rendered":"<p>Bokning Boka genom att ringa&nbsp;0708 63 43 38 Fels\u00f6kning g\u00f6rs f\u00f6r att ta reda p\u00e5 vad som beh\u00f6ver g\u00f6ras f\u00f6r att \u00e5tg\u00e4rda ett problem. Ibland blir felet \u00e5tg\u00e4rdat i samband med fels\u00f6kning och inga ytterligare kostnader tillkommer. F\u00f6r&nbsp;fel som kr\u00e4ver mer arbete ges en offert eller \u00e5tg\u00e4rdsf\u00f6rslag. V\u00e4lkommen!<\/p>\n","protected":false},"author":1,"featured_media":0,"parent":0,"menu_order":0,"comment_status":"closed","ping_status":"closed","template":"","meta":{"footnotes":""},"class_list":["post-11","page","type-page","status-publish","hentry"],"_links":{"self":[{"href":"https:\/\/lundqvist-it.se\/index.php?rest_route=\/wp\/v2\/pages\/11","targetHints":{"allow":["GET"]}}],"collection":[{"href":"https:\/\/lundqvist-it.se\/index.php?rest_route=\/wp\/v2\/pages"}],"about":[{"href":"https:\/\/lundqvist-it.se\/index.php?rest_route=\/wp\/v2\/types\/page"}],"author":[{"embeddable":true,"href":"https:\/\/lundqvist-it.se\/index.php?rest_route=\/wp\/v2\/users\/1"}],"replies":[{"embeddable":true,"href":"https:\/\/lundqvist-it.se\/index.php?rest_route=%2Fwp%2Fv2%2Fcomments&post=11"}],"version-history":[{"count":2,"href":"https:\/\/lundqvist-it.se\/index.php?rest_route=\/wp\/v2\/pages\/11\/revisions"}],"predecessor-version":[{"id":387,"href":"https:\/\/lundqvist-it.se\/index.php?rest_route=\/wp\/v2\/pages\/11\/revisions\/387"}],"wp:attachment":[{"href":"https:\/\/lundqvist-it.se\/index.php?rest_route=%2Fwp%2Fv2%2Fmedia&parent=11"}],"curies":[{"name":"wp","href":"https:\/\/api.w.org\/{rel}","templated":true}]}}